{"id":8029,"date":"2024-08-06T10:19:17","date_gmt":"2024-08-06T08:19:17","guid":{"rendered":"https:\/\/www.lesodole.it\/associati-golf-club\/"},"modified":"2024-12-03T11:35:07","modified_gmt":"2024-12-03T10:35:07","slug":"associati-golf-club","status":"publish","type":"page","link":"https:\/\/www.lesodole.it\/es\/associati-golf-club\/","title":{"rendered":"Associati al Golf Club"},"content":{"rendered":"\t\t<div data-elementor-type=\"wp-page\" data-elementor-id=\"8029\" class=\"elementor elementor-8029\">\n\t\t\t\t<div class=\"elementor-element elementor-element-74b4654 e-con-full e-flex e-con e-parent\" data-id=\"74b4654\" data-element_type=\"container\" id=\"richiedi-informazioni\">\n\t\t\t\t<div class=\"elementor-element elementor-element-8bdc6e3 elementor-widget__width-initial elementor-widget elementor-widget-heading\" data-id=\"8bdc6e3\" data-element_type=\"widget\" data-widget_type=\"heading.default\">\n\t\t\t\t<div class=\"elementor-widget-container\">\n\t\t\t<style>\/*! elementor - v3.23.0 - 15-07-2024 *\/\n.elementor-heading-title{padding:0;margin:0;line-height:1}.elementor-widget-heading .elementor-heading-title[class*=elementor-size-]>a{color:inherit;font-size:inherit;line-height:inherit}.elementor-widget-heading .elementor-heading-title.elementor-size-small{font-size:15px}.elementor-widget-heading .elementor-heading-title.elementor-size-medium{font-size:19px}.elementor-widget-heading .elementor-heading-title.elementor-size-large{font-size:29px}.elementor-widget-heading .elementor-heading-title.elementor-size-xl{font-size:39px}.elementor-widget-heading .elementor-heading-title.elementor-size-xxl{font-size:59px}<\/style><h2 class=\"elementor-heading-title elementor-size-default\">Membres\u00eda del Club de Golf Le Sodole<\/h2>\t\t<\/div>\n\t\t\t\t<\/div>\n\t\t\t\t<div class=\"elementor-element elementor-element-267b05f elementor-widget__width-initial elementor-widget elementor-widget-shortcode\" data-id=\"267b05f\" data-element_type=\"widget\" data-widget_type=\"shortcode.default\">\n\t\t\t\t<div class=\"elementor-widget-container\">\n\t\t\t\t\t<div class=\"elementor-shortcode\">\n<div class=\"wpcf7 no-js\" id=\"wpcf7-f8014-o1\" lang=\"en-US\" dir=\"ltr\" data-wpcf7-id=\"8014\">\n<div class=\"screen-reader-response\"><p role=\"status\" aria-live=\"polite\" aria-atomic=\"true\"><\/p> <ul><\/ul><\/div>\n<form action=\"\/es\/wp-json\/wp\/v2\/pages\/8029#wpcf7-f8014-o1\" method=\"post\" class=\"wpcf7-form init\" aria-label=\"Contact form\" novalidate=\"novalidate\" data-status=\"init\">\n<div style=\"display: none;\">\n<input type=\"hidden\" name=\"_wpcf7\" value=\"8014\" \/>\n<input type=\"hidden\" name=\"_wpcf7_version\" value=\"6.0.6\" \/>\n<input type=\"hidden\" name=\"_wpcf7_locale\" value=\"en_US\" \/>\n<input type=\"hidden\" name=\"_wpcf7_unit_tag\" value=\"wpcf7-f8014-o1\" \/>\n<input type=\"hidden\" name=\"_wpcf7_container_post\" value=\"0\" \/>\n<input type=\"hidden\" name=\"_wpcf7_posted_data_hash\" value=\"\" \/>\n<input type=\"hidden\" name=\"_wpcf7_recaptcha_response\" value=\"\" \/>\n<\/div>\n<div class=\"row\">\n\t<div class=\"col-6\">\n\t\t<div class=\"form-group\">\n\t\t\t<p><span class=\"wpcf7-form-control-wrap\" data-name=\"your-name\"><input size=\"40\" maxlength=\"400\" class=\"wpcf7-form-control wpcf7-text wpcf7-validates-as-required form-control\" aria-required=\"true\" aria-invalid=\"false\" placeholder=\"Nombre y Apellido*\" value=\"\" type=\"text\" name=\"your-name\" \/><\/span>\n\t\t\t<\/p>\n\t\t<\/div>\n\t<\/div>\n\t<div class=\"col-6\">\n\t\t<div class=\"form-group\">\n\t\t\t<p><span class=\"wpcf7-form-control-wrap\" data-name=\"your-birth\"><input class=\"wpcf7-form-control wpcf7-date wpcf7-validates-as-required wpcf7-validates-as-date form-control\" max=\"2026-04-29\" aria-required=\"true\" aria-invalid=\"false\" placeholder=\"Fecha de nacimiento*\" value=\"\" type=\"date\" name=\"your-birth\" \/><\/span>\n\t\t\t<\/p>\n\t\t<\/div>\n\t<\/div>\n\t<div class=\"col-6\">\n\t\t<div class=\"form-group\">\n\t\t\t<p><span class=\"wpcf7-form-control-wrap\" data-name=\"your-address\"><input size=\"40\" maxlength=\"400\" class=\"wpcf7-form-control wpcf7-text wpcf7-validates-as-required form-control\" aria-required=\"true\" aria-invalid=\"false\" placeholder=\"Direcci\u00f3n*\" value=\"\" type=\"text\" name=\"your-address\" \/><\/span>\n\t\t\t<\/p>\n\t\t<\/div>\n\t<\/div>\n\t<div class=\"col-6\">\n\t\t<div class=\"form-group\">\n\t\t\t<p><span class=\"wpcf7-form-control-wrap\" data-name=\"your-codice-fiscale\"><input size=\"40\" maxlength=\"400\" class=\"wpcf7-form-control wpcf7-text wpcf7-validates-as-required form-control\" aria-required=\"true\" aria-invalid=\"false\" placeholder=\"C\u00f3digo fiscal*\" value=\"\" type=\"text\" name=\"your-codice-fiscale\" \/><\/span>\n\t\t\t<\/p>\n\t\t<\/div>\n\t<\/div>\n\t<div class=\"col-6\">\n\t\t<div class=\"form-group\">\n\t\t\t<p><span class=\"wpcf7-form-control-wrap\" data-name=\"your-phone\"><input size=\"40\" maxlength=\"400\" class=\"wpcf7-form-control wpcf7-tel wpcf7-validates-as-required wpcf7-text wpcf7-validates-as-tel form-control\" aria-required=\"true\" aria-invalid=\"false\" placeholder=\"N\u00famero de tel\u00e9fono*\" value=\"\" type=\"tel\" name=\"your-phone\" \/><\/span>\n\t\t\t<\/p>\n\t\t<\/div>\n\t<\/div>\n\t<div class=\"col-6\">\n\t\t<div class=\"form-group\">\n\t\t\t<p><span class=\"wpcf7-form-control-wrap\" data-name=\"your-email\"><input size=\"40\" maxlength=\"400\" class=\"wpcf7-form-control wpcf7-email wpcf7-validates-as-required wpcf7-text wpcf7-validates-as-email form-control\" aria-required=\"true\" aria-invalid=\"false\" placeholder=\"Direcci\u00f3n de correo electr\u00f3nico*\" value=\"\" type=\"email\" name=\"your-email\" \/><\/span>\n\t\t\t<\/p>\n\t\t<\/div>\n\t<\/div>\n\t<div class=\"col-12\">\n\t\t<div class=\"form-group\">\n\t\t\t<p><span class=\"wpcf7-form-control-wrap\" data-name=\"your-socio\"><select class=\"wpcf7-form-control wpcf7-select wpcf7-validates-as-required form-control\" aria-required=\"true\" aria-invalid=\"false\" name=\"your-socio\"><option value=\"Adulto\">Adulto<\/option><option value=\"Socio no frecuente\">Socio no frecuente<\/option><option value=\"Junior (hasta 10 a\u00f1os)\">Junior (hasta 10 a\u00f1os)<\/option><option value=\"Junior (de 10 a 18 a\u00f1os)\">Junior (de 10 a 18 a\u00f1os)<\/option><\/select><\/span>\n\t\t\t<\/p>\n\t\t<\/div>\n\t<\/div>\n\t<div class=\"col-12\">\n\t\t<div class=\"form-group\">\n\t\t\t<p><span class=\"wpcf7-form-control-wrap\" data-name=\"your-message\"><textarea cols=\"40\" rows=\"10\" maxlength=\"2000\" class=\"wpcf7-form-control wpcf7-textarea form-control\" aria-invalid=\"false\" name=\"your-message\">Otro<\/textarea><\/span>\n\t\t\t<\/p>\n\t\t<\/div>\n\t<\/div>\n\t<div class=\"col-12\">\n\t\t<div class=\"form-group\" id=\"policy_field\">\n\t\t\t<p><span class=\"wpcf7-form-control-wrap\" data-name=\"privacy_policy\"><span class=\"wpcf7-form-control wpcf7-acceptance\"><span class=\"wpcf7-list-item\"><label><input type=\"checkbox\" name=\"privacy_policy\" value=\"1\" class=\"privacy_policy\" aria-invalid=\"false\" \/><span class=\"wpcf7-list-item-label\"><a href=\"https:\/\/www.lesodole.it\/policy\/privacy_es.php\" class=\"policy\" target=\"_blank\">Autorizo el tratamiento de los datos personales seg\u00fan el Art. 7 del D.lgs. 196\/2003.<\/a><\/span><\/label><\/span><\/span><\/span>\n\t\t\t<\/p>\n\t\t<\/div>\n\t<\/div>\n<\/div>\n<div class=\"position-relative\">\n\t<p><input class=\"wpcf7-form-control wpcf7-submit has-spinner btn btn-dark w-100\" type=\"submit\" value=\"Enviar inscripci\u00f3n\" \/>\n\t<\/p>\n<\/div><div class=\"wpcf7-response-output\" aria-hidden=\"true\"><\/div>\n<\/form>\n<\/div>\n<\/div>\n\t\t\t\t<\/div>\n\t\t\t\t<\/div>\n\t\t\t\t<\/div>\n\t\t\t\t<\/div>\n\t\t","protected":false},"excerpt":{"rendered":"<p>Membres\u00eda del Club de Golf Le Sodole<\/p>\n","protected":false},"author":1,"featured_media":0,"parent":0,"menu_order":0,"comment_status":"closed","ping_status":"closed","template":"elementor_canvas","meta":{"footnotes":""},"class_list":["post-8029","page","type-page","status-publish","hentry"],"yoast_head":"<!-- This site is optimized with the Yoast SEO plugin v25.6 - https:\/\/yoast.com\/wordpress\/plugins\/seo\/ -->\n<title>le sodole - country resort &amp; golf<\/title>\n<meta name=\"description\" content=\"le sosole campo club de golf resort casa rural encanto y relax vacaciones productos biol\u00f3gicos bodega azzoni avogadro apartamentos piscina vi\u00f1edo productos t\u00edpicos servicios toscana vacaciones en toscana sauna ba\u00f1o turco hotel hotel restaurante restaurante\" \/>\n<meta name=\"robots\" content=\"index, follow, max-snippet:-1, max-image-preview:large, max-video-preview:-1\" \/>\n<link rel=\"canonical\" href=\"https:\/\/www.lesodole.it\/es\/associati-golf-club\/\" \/>\n<meta property=\"og:locale\" content=\"es_ES\" \/>\n<meta property=\"og:type\" content=\"article\" \/>\n<meta property=\"og:title\" content=\"le sodole - country resort &amp; golf\" \/>\n<meta property=\"og:description\" content=\"le sosole campo club de golf resort casa rural encanto y relax vacaciones productos biol\u00f3gicos bodega azzoni avogadro apartamentos piscina vi\u00f1edo productos t\u00edpicos servicios toscana vacaciones en toscana sauna ba\u00f1o turco hotel hotel restaurante restaurante\" \/>\n<meta property=\"og:url\" content=\"https:\/\/www.lesodole.it\/es\/associati-golf-club\/\" \/>\n<meta property=\"og:site_name\" content=\"Country Resort &amp; Golf Le Sodole\" \/>\n<meta property=\"article:modified_time\" content=\"2024-12-03T10:35:07+00:00\" \/>\n<meta name=\"twitter:card\" content=\"summary_large_image\" \/>\n<meta name=\"twitter:label1\" content=\"Tiempo de lectura\" \/>\n\t<meta name=\"twitter:data1\" content=\"1 minuto\" \/>\n<script type=\"application\/ld+json\" class=\"yoast-schema-graph\">{\"@context\":\"https:\/\/schema.org\",\"@graph\":[{\"@type\":\"WebPage\",\"@id\":\"https:\/\/www.lesodole.it\/es\/associati-golf-club\/\",\"url\":\"https:\/\/www.lesodole.it\/es\/associati-golf-club\/\",\"name\":\"le sodole - country resort & golf\",\"isPartOf\":{\"@id\":\"https:\/\/www.lesodole.it\/#website\"},\"datePublished\":\"2024-08-06T08:19:17+00:00\",\"dateModified\":\"2024-12-03T10:35:07+00:00\",\"description\":\"le sosole campo club de golf resort casa rural encanto y relax vacaciones productos biol\u00f3gicos bodega azzoni avogadro apartamentos piscina vi\u00f1edo productos t\u00edpicos servicios toscana vacaciones en toscana sauna ba\u00f1o turco hotel hotel restaurante restaurante\",\"breadcrumb\":{\"@id\":\"https:\/\/www.lesodole.it\/es\/associati-golf-club\/#breadcrumb\"},\"inLanguage\":\"es\",\"potentialAction\":[{\"@type\":\"ReadAction\",\"target\":[\"https:\/\/www.lesodole.it\/es\/associati-golf-club\/\"]}]},{\"@type\":\"BreadcrumbList\",\"@id\":\"https:\/\/www.lesodole.it\/es\/associati-golf-club\/#breadcrumb\",\"itemListElement\":[{\"@type\":\"ListItem\",\"position\":1,\"name\":\"Home\",\"item\":\"https:\/\/www.lesodole.it\/es\/\"},{\"@type\":\"ListItem\",\"position\":2,\"name\":\"Associati al Golf Club\"}]},{\"@type\":\"WebSite\",\"@id\":\"https:\/\/www.lesodole.it\/#website\",\"url\":\"https:\/\/www.lesodole.it\/\",\"name\":\"Country Resort &amp; Golf Le Sodole\",\"description\":\"\",\"potentialAction\":[{\"@type\":\"SearchAction\",\"target\":{\"@type\":\"EntryPoint\",\"urlTemplate\":\"https:\/\/www.lesodole.it\/?s={search_term_string}\"},\"query-input\":{\"@type\":\"PropertyValueSpecification\",\"valueRequired\":true,\"valueName\":\"search_term_string\"}}],\"inLanguage\":\"es\"}]}<\/script>\n<!-- \/ Yoast SEO plugin. -->","yoast_head_json":{"title":"le sodole - country resort & golf","description":"le sosole campo club de golf resort casa rural encanto y relax vacaciones productos biol\u00f3gicos bodega azzoni avogadro apartamentos piscina vi\u00f1edo productos t\u00edpicos servicios toscana vacaciones en toscana sauna ba\u00f1o turco hotel hotel restaurante restaurante","robots":{"index":"index","follow":"follow","max-snippet":"max-snippet:-1","max-image-preview":"max-image-preview:large","max-video-preview":"max-video-preview:-1"},"canonical":"https:\/\/www.lesodole.it\/es\/associati-golf-club\/","og_locale":"es_ES","og_type":"article","og_title":"le sodole - country resort & golf","og_description":"le sosole campo club de golf resort casa rural encanto y relax vacaciones productos biol\u00f3gicos bodega azzoni avogadro apartamentos piscina vi\u00f1edo productos t\u00edpicos servicios toscana vacaciones en toscana sauna ba\u00f1o turco hotel hotel restaurante restaurante","og_url":"https:\/\/www.lesodole.it\/es\/associati-golf-club\/","og_site_name":"Country Resort &amp; Golf Le Sodole","article_modified_time":"2024-12-03T10:35:07+00:00","twitter_card":"summary_large_image","twitter_misc":{"Tiempo de lectura":"1 minuto"},"schema":{"@context":"https:\/\/schema.org","@graph":[{"@type":"WebPage","@id":"https:\/\/www.lesodole.it\/es\/associati-golf-club\/","url":"https:\/\/www.lesodole.it\/es\/associati-golf-club\/","name":"le sodole - country resort & golf","isPartOf":{"@id":"https:\/\/www.lesodole.it\/#website"},"datePublished":"2024-08-06T08:19:17+00:00","dateModified":"2024-12-03T10:35:07+00:00","description":"le sosole campo club de golf resort casa rural encanto y relax vacaciones productos biol\u00f3gicos bodega azzoni avogadro apartamentos piscina vi\u00f1edo productos t\u00edpicos servicios toscana vacaciones en toscana sauna ba\u00f1o turco hotel hotel restaurante restaurante","breadcrumb":{"@id":"https:\/\/www.lesodole.it\/es\/associati-golf-club\/#breadcrumb"},"inLanguage":"es","potentialAction":[{"@type":"ReadAction","target":["https:\/\/www.lesodole.it\/es\/associati-golf-club\/"]}]},{"@type":"BreadcrumbList","@id":"https:\/\/www.lesodole.it\/es\/associati-golf-club\/#breadcrumb","itemListElement":[{"@type":"ListItem","position":1,"name":"Home","item":"https:\/\/www.lesodole.it\/es\/"},{"@type":"ListItem","position":2,"name":"Associati al Golf Club"}]},{"@type":"WebSite","@id":"https:\/\/www.lesodole.it\/#website","url":"https:\/\/www.lesodole.it\/","name":"Country Resort &amp; Golf Le Sodole","description":"","potentialAction":[{"@type":"SearchAction","target":{"@type":"EntryPoint","urlTemplate":"https:\/\/www.lesodole.it\/?s={search_term_string}"},"query-input":{"@type":"PropertyValueSpecification","valueRequired":true,"valueName":"search_term_string"}}],"inLanguage":"es"}]}},"_links":{"self":[{"href":"https:\/\/www.lesodole.it\/es\/wp-json\/wp\/v2\/pages\/8029"}],"collection":[{"href":"https:\/\/www.lesodole.it\/es\/wp-json\/wp\/v2\/pages"}],"about":[{"href":"https:\/\/www.lesodole.it\/es\/wp-json\/wp\/v2\/types\/page"}],"author":[{"embeddable":true,"href":"https:\/\/www.lesodole.it\/es\/wp-json\/wp\/v2\/users\/1"}],"replies":[{"embeddable":true,"href":"https:\/\/www.lesodole.it\/es\/wp-json\/wp\/v2\/comments?post=8029"}],"version-history":[{"count":4,"href":"https:\/\/www.lesodole.it\/es\/wp-json\/wp\/v2\/pages\/8029\/revisions"}],"predecessor-version":[{"id":8033,"href":"https:\/\/www.lesodole.it\/es\/wp-json\/wp\/v2\/pages\/8029\/revisions\/8033"}],"wp:attachment":[{"href":"https:\/\/www.lesodole.it\/es\/wp-json\/wp\/v2\/media?parent=8029"}],"curies":[{"name":"wp","href":"https:\/\/api.w.org\/{rel}","templated":true}]}}